{"id":1629,"date":"2022-01-12T10:28:03","date_gmt":"2022-01-12T09:28:03","guid":{"rendered":"https:\/\/hattonlive.com\/noticias\/"},"modified":"2023-10-10T11:55:06","modified_gmt":"2023-10-10T09:55:06","slug":"noticias","status":"publish","type":"page","link":"https:\/\/hattonlive.com\/en\/noticias\/","title":{"rendered":"Noticias"},"content":{"rendered":"<p>[et_pb_section fb_built=&#8221;1&#8243; _builder_version=&#8221;4.16&#8243; _module_preset=&#8221;default&#8221; background_image=&#8221;https:\/\/hattonlive.com\/wp-content\/uploads\/2022\/02\/FOTO-NOTICIA.jpg&#8221; min_height=&#8221;696px&#8221; custom_padding=&#8221;152px||215px||false|false&#8221; locked=&#8221;off&#8221; global_colors_info=&#8221;{}&#8221;][et_pb_row column_structure=&#8221;3_5,2_5&#8243; _builder_version=&#8221;4.16&#8243; _module_preset=&#8221;default&#8221; global_colors_info=&#8221;{}&#8221;][et_pb_column type=&#8221;3_5&#8243; _builder_version=&#8221;4.16&#8243; _module_preset=&#8221;default&#8221; custom_padding=&#8221;|||120px|false|false&#8221; custom_padding_tablet=&#8221;|||0px|false|false&#8221; custom_padding_phone=&#8221;|||0px|false|false&#8221; custom_padding_last_edited=&#8221;on|tablet&#8221; global_colors_info=&#8221;{}&#8221;][et_pb_text admin_label=&#8221;Texto&#8221; _builder_version=&#8221;4.16&#8243; _module_preset=&#8221;default&#8221; text_font=&#8221;|700|||||||&#8221; text_text_color=&#8221;#000000&#8243; text_font_size=&#8221;40px&#8221; text_line_height=&#8221;130%&#8221; header_font=&#8221;Montserrat|700|||||||&#8221; header_text_color=&#8221;#FFFFFF&#8221; header_font_size=&#8221;50px&#8221; header_line_height=&#8221;130%&#8221; custom_margin=&#8221;||15px||false|false&#8221; locked=&#8221;off&#8221; global_colors_info=&#8221;{}&#8221;]<\/p>\n<h1><span class=\"linea1\">Actualidad<\/span><br \/>\nNoticias de inter\u00e9s&#8230;<\/h1>\n<p>[\/et_pb_text][et_pb_code module_class=&#8221;flecha_abajo_hero&#8221; _builder_version=&#8221;4.16&#8243; _module_preset=&#8221;default&#8221; link_option_url=&#8221;#comienzo_contenido&#8221; global_colors_info=&#8221;{}&#8221;]<svg width=\"50\" height=\"51\" viewBox=\"0 0 50 51\" fill=\"none\" xmlns=\"http:\/\/www.w3.org\/2000\/svg\"><!-- [et_pb_line_break_holder] --><path d=\"M12.5003 21.8651L24.9897 34.3545L25.7034 33.6408L13.214 21.1514L12.5003 21.8651Z\" fill=\"white\"\/><!-- [et_pb_line_break_holder] --><path d=\"M38.1927 21.1514L25.7036 33.6406L26.4173 34.3543L38.9064 21.8651L38.1927 21.1514Z\" fill=\"white\"\/><!-- [et_pb_line_break_holder] --><circle r=\"24.5\" transform=\"matrix(1 0 5.16998e-06 1 25.0001 25.5)\" stroke=\"white\"\/><!-- [et_pb_line_break_holder] --><\/svg>[\/et_pb_code][\/et_pb_column][et_pb_column type=&#8221;2_5&#8243; _builder_version=&#8221;4.16&#8243; _module_preset=&#8221;default&#8221; global_colors_info=&#8221;{}&#8221;][\/et_pb_column][\/et_pb_row][\/et_pb_section][et_pb_section fb_built=&#8221;1&#8243; module_id=&#8221;comienzo_contenido&#8221; _builder_version=&#8221;4.16&#8243; _module_preset=&#8221;default&#8221; custom_margin=&#8221;||||false|false&#8221; custom_padding=&#8221;0px||0px||false|false&#8221; locked=&#8221;off&#8221; global_colors_info=&#8221;{}&#8221;][et_pb_row _builder_version=&#8221;4.16&#8243; _module_preset=&#8221;default&#8221; custom_margin=&#8221;||||false|false&#8221; custom_padding=&#8221;0px||0px||false|false&#8221; global_colors_info=&#8221;{}&#8221;][et_pb_column type=&#8221;4_4&#8243; _builder_version=&#8221;4.16&#8243; _module_preset=&#8221;default&#8221; custom_padding=&#8221;||||false|false&#8221; global_colors_info=&#8221;{}&#8221;][et_pb_text _builder_version=&#8221;4.17.0&#8243; _module_preset=&#8221;default&#8221; custom_padding=&#8221;49px||33px|||&#8221; global_colors_info=&#8221;{}&#8221;]<\/p>\n<p style=\"text-align: center;\"><span style=\"font-size: 20px;\">Os iremos informando de todas las noticias relacionadas o interesantes de HATTON GROUP.<\/span><\/p>\n<p>[\/et_pb_text][\/et_pb_column][\/et_pb_row][\/et_pb_section][et_pb_section fb_built=&#8221;1&#8243; _builder_version=&#8221;4.16&#8243; _module_preset=&#8221;default&#8221; background_color=&#8221;gcid-870744f7-748c-47d1-8367-1a08a3cbae49&#8243; custom_padding=&#8221;13px|||||&#8221; locked=&#8221;off&#8221; global_colors_info=&#8221;{%22gcid-870744f7-748c-47d1-8367-1a08a3cbae49%22:%91%22background_color%22%93}&#8221;][et_pb_row column_structure=&#8221;1_3,1_3,1_3&#8243; _builder_version=&#8221;4.16&#8243; _module_preset=&#8221;default&#8221; global_colors_info=&#8221;{}&#8221;][et_pb_column type=&#8221;1_3&#8243; _builder_version=&#8221;4.17.0&#8243; _module_preset=&#8221;default&#8221; global_colors_info=&#8221;{}&#8221;][et_pb_blurb title=&#8221;MEJOR EVENTO de lanzamiento de producto&#8221; image=&#8221;https:\/\/hattonlive.com\/wp-content\/uploads\/2023\/10\/primer_premio-1.png&#8221; _builder_version=&#8221;4.17.0&#8243; _module_preset=&#8221;default&#8221; title_text=&#8221;primer_premio&#8221; hover_enabled=&#8221;0&#8243; sticky_enabled=&#8221;0&#8243; header_font=&#8221;|700|||||||&#8221; header_font_size=&#8221;21px&#8221; header_text_align=&#8221;center&#8221;]<\/p>\n<table role=\"presentation\" width=\"100%\" cellspacing=\"0\" cellpadding=\"0\" border=\"0\">\n<tbody>\n<tr>\n<td align=\"center\">\n<div>Estamos orgullosos de haber sido galardonados con el <b>Primer Premio<\/b> de Eventoplus, una de las ceremonias m\u00e1s prestigiosas a nivel nacional.<\/div>\n<\/td>\n<\/tr>\n<tr>\n<td align=\"center\">\n<div><b>\u00a1MUCHAS GRACIAS!<\/b><\/div>\n<div><b><\/b><\/div>\n<div><b><\/b><\/div>\n<div><b><\/b><\/div>\n<div>A <b>Motorola<\/b> por la confianza depositada en nosotros, a todo el equipo de <b>Hatton y a todos los profesionales que con su trabajo hicieron posible que realiz\u00e1semos un EVENTO merecedor de este reconocimiento. <\/b><\/div>\n<\/td>\n<\/tr>\n<\/tbody>\n<\/table>\n<p>[\/et_pb_blurb][et_pb_button button_url=&#8221;https:\/\/www.youtube.com\/watch?v=Rerrj2Q01IQ&#8221; button_text=&#8221;Leer m\u00e1s&#8221; _builder_version=&#8221;4.17.0&#8243; _module_preset=&#8221;default&#8221; hover_enabled=&#8221;0&#8243; global_colors_info=&#8221;{}&#8221; url_new_window=&#8221;on&#8221; sticky_enabled=&#8221;0&#8243;][\/et_pb_button][\/et_pb_column][et_pb_column type=&#8221;1_3&#8243; _builder_version=&#8221;4.17.0&#8243; _module_preset=&#8221;default&#8221; global_colors_info=&#8221;{}&#8221;][et_pb_blurb title=&#8221;IDEMICE, la principal asociaci\u00f3n de turismo de incentivos, fija la mirada en Ceuta: \u201csoy un creyente de sus posibilidades\u201d&#8221; url=&#8221;https:\/\/www.ceutatv.com\/video\/sociedad\/idemice-principal-asociacion-turismo-incentivos-fija-mirada-ceuta-soy-creyente-posibilidades\/20230119130802139495.html&#8221; url_new_window=&#8221;on&#8221; image=&#8221;https:\/\/hattonlive.com\/wp-content\/uploads\/2023\/01\/2023011913221533685.jpg&#8221; _builder_version=&#8221;4.17.0&#8243; _module_preset=&#8221;default&#8221; header_level=&#8221;h1&#8243; header_font=&#8221;|700|||||||&#8221; header_font_size=&#8221;21px&#8221; header_line_height=&#8221;1.3em&#8221; custom_padding=&#8221;||0px|||&#8221; hover_enabled=&#8221;0&#8243; global_colors_info=&#8221;{}&#8221; sticky_enabled=&#8221;0&#8243; header_text_align=&#8221;center&#8221;]<\/p>\n<p style=\"text-align: center;\"><span>El turismo de negocios e incentivos ha sido uno de los protagonistas de este jueves en la segunda jornada de Ceuta en FITUR. As\u00ed en un encuentro mantenido a instancias de la C\u00e1mara de Comercio se ha logrado que los miembros de la asociaci\u00f3n IDEMICE, la que engloba a las 35 empresas m\u00e1s importantes del sector, organicen un viaje a la ciudad con el fin de conocerla en su m\u00e1s amplia expresi\u00f3n, desde la oferta hotelera, hostelera y de ocio, hasta las actividades que oferta, con el fin de vender Ceuta como destino para este tipo de turistas.<\/span><\/p>\n<p>[\/et_pb_blurb][et_pb_button button_url=&#8221;https:\/\/www.ceutatv.com\/video\/sociedad\/idemice-principal-asociacion-turismo-incentivos-fija-mirada-ceuta-soy-creyente-posibilidades\/20230119130802139495.html&#8221; button_text=&#8221;Leer m\u00e1s&#8221; _builder_version=&#8221;4.17.0&#8243; _module_preset=&#8221;default&#8221; global_colors_info=&#8221;{}&#8221;][\/et_pb_button][\/et_pb_column][et_pb_column type=&#8221;1_3&#8243; _builder_version=&#8221;4.16&#8243; _module_preset=&#8221;default&#8221; global_colors_info=&#8221;{}&#8221;][et_pb_blurb title=&#8221;Ceuta conquista a los mayores empresarios del turismo de eventos y congresos de la mano de la C\u00e1mara&#8221; url=&#8221;https:\/\/www.ceutatv.com\/articulo\/politica\/ceuta-conquista-mayores-empresarios-turismo-eventos-congresos-ok\/20230305212345143311.html&#8221; image=&#8221;https:\/\/hattonlive.com\/wp-content\/uploads\/2023\/03\/2023030521572797607.jpg&#8221; _builder_version=&#8221;4.17.0&#8243; _module_preset=&#8221;default&#8221; header_level=&#8221;h1&#8243; header_font=&#8221;|700|||||||&#8221; header_font_size=&#8221;21px&#8221; header_line_height=&#8221;1.3em&#8221; hover_enabled=&#8221;0&#8243; global_colors_info=&#8221;{}&#8221; sticky_enabled=&#8221;0&#8243; header_text_align=&#8221;center&#8221;]<\/p>\n<p style=\"text-align: center;\"><span>Durante el fin de semana, han estado en Ceuta varios de los representantes del denominado \u2018turismo MICE\u2019. Se trata del sector tur\u00edstico que m\u00e1s gasto genera por visitantes, el que est\u00e1 dedicado al turismo de incentivos, congresos y eventos. Una visita para conocer una ciudad que les ha sorprendido gratamente. La visita acaba con un convenio por el que Ceuta ser\u00e1 la sede de un estudio sobre el impacto econ\u00f3mico de este tipo de turismo en ciudades peque\u00f1as.<\/span><\/p>\n<p>[\/et_pb_blurb][et_pb_button button_url=&#8221;https:\/\/www.ceutatv.com\/articulo\/politica\/ceuta-conquista-mayores-empresarios-turismo-eventos-congresos-ok\/20230305212345143311.html&#8221; url_new_window=&#8221;on&#8221; button_text=&#8221;Leer m\u00e1s&#8221; _builder_version=&#8221;4.17.0&#8243; _module_preset=&#8221;default&#8221; global_colors_info=&#8221;{}&#8221;][\/et_pb_button][\/et_pb_column][\/et_pb_row][\/et_pb_section][et_pb_section fb_built=&#8221;1&#8243; module_class=&#8221;newsletter&#8221; _builder_version=&#8221;4.17.0&#8243; _module_preset=&#8221;default&#8221; background_color=&#8221;#f5f5f5&#8243; use_background_color_gradient=&#8221;on&#8221; background_color_gradient_stops=&#8221;rgba(0,0,0,0.6) 0%|rgba(0,0,0,0.6) 100%&#8221; background_color_gradient_overlays_image=&#8221;on&#8221; background_color_gradient_start=&#8221;rgba(0,0,0,0.6)&#8221; background_color_gradient_end=&#8221;rgba(0,0,0,0.6)&#8221; background_image=&#8221;https:\/\/hattonlive.com\/wp-content\/uploads\/2021\/12\/fondo_newsletter.jpg&#8221; background_position=&#8221;top_center&#8221; custom_margin=&#8221;|-514px||0px|false|false&#8221; custom_padding=&#8221;50px|0px|0px|0px|false|false&#8221; custom_css_main_element=&#8221;background-position: 0px 123px !important;&#8221; global_module=&#8221;433&#8243; saved_tabs=&#8221;all&#8221; global_colors_info=&#8221;{}&#8221;][et_pb_row column_structure=&#8221;1_2,1_2&#8243; use_custom_gutter=&#8221;on&#8221; gutter_width=&#8221;2&#8243; custom_padding_last_edited=&#8221;on|phone&#8221; module_class=&#8221;newsletter_row&#8221; _builder_version=&#8221;4.17.0&#8243; _module_preset=&#8221;default&#8221; width=&#8221;46.2%&#8221; custom_margin=&#8221;|-352px||0px|false|false&#8221; custom_padding=&#8221;0px|0px|0px|480px|false|false&#8221; custom_padding_tablet=&#8221;0px|0px|0px|45px|false|false&#8221; custom_padding_phone=&#8221;0px|0px|0px|1650px|false|false&#8221; global_colors_info=&#8221;{}&#8221;][et_pb_column type=&#8221;1_2&#8243; _builder_version=&#8221;4.16&#8243; _module_preset=&#8221;default&#8221; custom_padding=&#8221;115px||||false|false&#8221; global_colors_info=&#8221;{}&#8221;][et_pb_text _builder_version=&#8221;4.16&#8243; _module_preset=&#8221;default&#8221; text_font=&#8221;Montserrat|700|||||||&#8221; text_text_color=&#8221;#FFFFFF&#8221; text_font_size=&#8221;35px&#8221; text_line_height=&#8221;130%&#8221; width=&#8221;97.3%&#8221; custom_margin=&#8221;||||false|false&#8221; custom_padding=&#8221;|||73px||&#8221; global_colors_info=&#8221;{}&#8221;]<\/p>\n<p>\u00danete al equipo<\/p>\n<p>[\/et_pb_text][et_pb_button button_url=&#8221;@ET-DC@eyJkeW5hbWljIjp0cnVlLCJjb250ZW50IjoicG9zdF9saW5rX3VybF9wYWdlIiwic2V0dGluZ3MiOnsicG9zdF9pZCI6IjEzNzkifX0=@&#8221; button_text=&#8221;Saber m\u00e1s&#8221; button_alignment=&#8221;left&#8221; admin_label=&#8221;Bot\u00f3n&#8221; _builder_version=&#8221;4.17.0&#8243; _dynamic_attributes=&#8221;button_url&#8221; _module_preset=&#8221;48950a62-a60b-4476-b9b3-ee619e7ebe2b&#8221; button_border_width=&#8221;1px&#8221; button_border_color=&#8221;#b29f98&#8243; custom_margin_tablet=&#8221;&#8221; custom_margin_phone=&#8221;|||57px|false|false&#8221; custom_margin_last_edited=&#8221;on|phone&#8221; custom_padding=&#8221;12px|18px|12px|30px|false|false&#8221; locked=&#8221;off&#8221; global_colors_info=&#8221;{%22gcid-01573ef8-46be-4acb-aecd-439dd0e67a56%22:%91%22button_bg_color__hover%22%93}&#8221;][\/et_pb_button][\/et_pb_column][et_pb_column type=&#8221;1_2&#8243; _builder_version=&#8221;4.16&#8243; _module_preset=&#8221;default&#8221; background_color=&#8221;#da2731&#8243; custom_padding=&#8221;27px|33px|90px|33px|false|false&#8221; global_colors_info=&#8221;{%22gcid-01573ef8-46be-4acb-aecd-439dd0e67a56%22:%91%22background_color%22%93}&#8221;][et_pb_text _builder_version=&#8221;4.16&#8243; _module_preset=&#8221;default&#8221; text_font=&#8221;Montserrat|700|||||||&#8221; text_text_color=&#8221;#FFFFFF&#8221; text_font_size=&#8221;35px&#8221; text_line_height=&#8221;130%&#8221; custom_margin=&#8221;||||false|false&#8221; custom_padding=&#8221;|||25px||&#8221; global_colors_info=&#8221;{}&#8221;]<\/p>\n<p>\u00bfQuieres <br \/>conocernos <br \/>m\u00e1s?<\/p>\n<p>[\/et_pb_text][et_pb_text _builder_version=&#8221;4.17.0&#8243; _module_preset=&#8221;default&#8221; text_font=&#8221;||||||||&#8221; text_text_color=&#8221;#FFFFFF&#8221; text_font_size=&#8221;16px&#8221; text_line_height=&#8221;160%&#8221; custom_margin=&#8221;||||false|false&#8221; custom_padding=&#8221;|||20px||&#8221; global_colors_info=&#8221;{}&#8221;]<\/p>\n<p>Suscr\u00edbete y te iremos contando <br \/>novedades y grandes historias.<\/p>\n<p>[\/et_pb_text][et_pb_signup mailchimp_list=&#8221;Hatton Live|9438dc9bf4&#8243; first_name_field=&#8221;off&#8221; last_name_field=&#8221;off&#8221; success_message=&#8221;Gracias por suscribirte&#8221; button_text=&#8221;Enviar&#8221; footer_content=&#8221;<\/p>\n<p><span style=%22font-size: 14px;%22>Suscribi\u00e9ndote aceptas la <a style=%22color: #fff; text-decoration: underline;%22 href=%22\/politica-de-privacidad\/%22>pol\u00edtica de privacidad<\/a><\/span><\/p>\n<p>&#8221; use_spam_service=&#8221;on&#8221; recaptcha_list=&#8221;Default|Default-0&#8243; email_fullwidth_tablet=&#8221;&#8221; email_fullwidth_phone=&#8221;on&#8221; email_fullwidth_last_edited=&#8221;on|phone&#8221; _builder_version=&#8221;4.17.0&#8243; _module_preset=&#8221;default&#8221; body_text_color=&#8221;#FFFFFF&#8221; form_field_font_size=&#8221;16px&#8221; custom_button=&#8221;on&#8221; button_text_color=&#8221;#FFFFFF&#8221; button_border_width=&#8221;2px&#8221; button_border_color=&#8221;#FFFFFF&#8221; button_font=&#8221;|600|||||||&#8221; button_use_icon=&#8221;off&#8221; button_custom_padding=&#8221;10px||10px||false|false&#8221; width=&#8221;89.2%&#8221; custom_padding=&#8221;|||19px||&#8221; border_width_all_fields=&#8221;1px&#8221; border_color_all_fields=&#8221;#FFFFFF&#8221; locked=&#8221;off&#8221; global_colors_info=&#8221;{}&#8221;][et_pb_signup_custom_field field_id=&#8221;Field_1&#8243; _builder_version=&#8221;4.16&#8243; _module_preset=&#8221;default&#8221; global_colors_info=&#8221;{}&#8221;][\/et_pb_signup_custom_field][\/et_pb_signup][\/et_pb_column][\/et_pb_row][\/et_pb_section]<\/p>\n","protected":false},"excerpt":{"rendered":"<p>Actualidad Noticias de inter\u00e9s&#8230;Os iremos informando de todas las noticias relacionadas o interesantes de HATTON GROUP. Estamos orgullosos de haber sido galardonados con el Primer Premio de Eventoplus, una de las ceremonias m\u00e1s prestigiosas a nivel nacional. \u00a1MUCHAS GRACIAS! A Motorola por la confianza depositada en nosotros, a todo el equipo de Hatton y a [&hellip;]<\/p>\n","protected":false},"author":2,"featured_media":0,"parent":0,"menu_order":0,"comment_status":"closed","ping_status":"closed","template":"","meta":{"_et_pb_use_builder":"on","_et_pb_old_content":"","_et_gb_content_width":"","inline_featured_image":false,"footnotes":""},"class_list":["post-1629","page","type-page","status-publish","hentry"],"acf":[],"_links":{"self":[{"href":"https:\/\/hattonlive.com\/en\/wp-json\/wp\/v2\/pages\/1629","targetHints":{"allow":["GET"]}}],"collection":[{"href":"https:\/\/hattonlive.com\/en\/wp-json\/wp\/v2\/pages"}],"about":[{"href":"https:\/\/hattonlive.com\/en\/wp-json\/wp\/v2\/types\/page"}],"author":[{"embeddable":true,"href":"https:\/\/hattonlive.com\/en\/wp-json\/wp\/v2\/users\/2"}],"replies":[{"embeddable":true,"href":"https:\/\/hattonlive.com\/en\/wp-json\/wp\/v2\/comments?post=1629"}],"version-history":[{"count":35,"href":"https:\/\/hattonlive.com\/en\/wp-json\/wp\/v2\/pages\/1629\/revisions"}],"predecessor-version":[{"id":2516,"href":"https:\/\/hattonlive.com\/en\/wp-json\/wp\/v2\/pages\/1629\/revisions\/2516"}],"wp:attachment":[{"href":"https:\/\/hattonlive.com\/en\/wp-json\/wp\/v2\/media?parent=1629"}],"curies":[{"name":"wp","href":"https:\/\/api.w.org\/{rel}","templated":true}]}}